{"id":446,"date":"2018-11-22T18:58:52","date_gmt":"2018-11-22T16:58:52","guid":{"rendered":"http:\/\/avaluacio-ctic.recursos.uoc.edu\/?page_id=446"},"modified":"2019-01-02T13:02:47","modified_gmt":"2019-01-02T11:02:47","slug":"annex","status":"publish","type":"page","link":"http:\/\/avaluacio-ctic.recursos.uoc.edu\/index.php\/annex\/","title":{"rendered":"Annex"},"content":{"rendered":"<p>A continuaci\u00f3 trobareu els documents relatius al pla docent, els criteris d&#8217;avaluaci\u00f3 i les especificacions de la PAC1, PAC2, PAC3 i pr\u00e0ctica final d&#8217;una de les assignatures de CTIC, concretament els corresponents al Grau d&#8217;ADE i el Grau d&#8217;Economia.<\/p>\n<ul>\n<li><a href=\"\/wp-content\/uploads\/2018\/12\/Pladocent_CTIC.pdf\" target=\"_blank\" rel=\"noopener\">Pla docent<\/a><\/li>\n<li><a href=\"\/wp-content\/uploads\/2018\/11\/Criteris_avaluacio_CTIC.pdf\" target=\"_blank\" rel=\"noopener\">Criteris d\u2019avaluaci\u00f3 de l\u2019assignatura: Iniciaci\u00f3 a les compet\u00e8ncies TIC<\/a><\/li>\n<\/ul>\n","protected":false},"excerpt":{"rendered":"<p>A continuaci\u00f3 trobareu els documents relatius al pla docent, els criteris d&#8217;avaluaci\u00f3 i les especificacions de la PAC1, PAC2, PAC3 i pr\u00e0ctica final d&#8217;una de les assignatures de CTIC, concretament els corresponents al Grau d&#8217;ADE i el Grau d&#8217;Economia. Pla docent Criteris d\u2019avaluaci\u00f3 de l\u2019assignatura: Iniciaci\u00f3 a les compet\u00e8ncies TIC<\/p>\n","protected":false},"author":1,"featured_media":0,"parent":0,"menu_order":0,"comment_status":"closed","ping_status":"closed","template":"","meta":[],"_links":{"self":[{"href":"http:\/\/avaluacio-ctic.recursos.uoc.edu\/index.php\/wp-json\/wp\/v2\/pages\/446"}],"collection":[{"href":"http:\/\/avaluacio-ctic.recursos.uoc.edu\/index.php\/wp-json\/wp\/v2\/pages"}],"about":[{"href":"http:\/\/avaluacio-ctic.recursos.uoc.edu\/index.php\/wp-json\/wp\/v2\/types\/page"}],"author":[{"embeddable":true,"href":"http:\/\/avaluacio-ctic.recursos.uoc.edu\/index.php\/wp-json\/wp\/v2\/users\/1"}],"replies":[{"embeddable":true,"href":"http:\/\/avaluacio-ctic.recursos.uoc.edu\/index.php\/wp-json\/wp\/v2\/comments?post=446"}],"version-history":[{"count":6,"href":"http:\/\/avaluacio-ctic.recursos.uoc.edu\/index.php\/wp-json\/wp\/v2\/pages\/446\/revisions"}],"predecessor-version":[{"id":532,"href":"http:\/\/avaluacio-ctic.recursos.uoc.edu\/index.php\/wp-json\/wp\/v2\/pages\/446\/revisions\/532"}],"wp:attachment":[{"href":"http:\/\/avaluacio-ctic.recursos.uoc.edu\/index.php\/wp-json\/wp\/v2\/media?parent=446"}],"curies":[{"name":"wp","href":"https:\/\/api.w.org\/{rel}","templated":true}]}}