{"id":332,"date":"2018-11-21T14:59:50","date_gmt":"2018-11-21T12:59:50","guid":{"rendered":"http:\/\/avaluacio-ctic.recursos.uoc.edu\/?page_id=332"},"modified":"2019-01-02T13:46:22","modified_gmt":"2019-01-02T11:46:22","slug":"anexo","status":"publish","type":"page","link":"http:\/\/avaluacio-ctic.recursos.uoc.edu\/es\/index.php\/anexo\/","title":{"rendered":"Anexo"},"content":{"rendered":"<p>A continuaci\u00f3n encontrar\u00e9is los documentos relativos al plan docente, los criterios de evaluaci\u00f3n y las especificaciones de la PEC1, PEC2, PEC3 y Pr\u00e1ctica Final de una de las asignaturas de CTIC, concretamente los correspondientes al grado de ADE y al grado de Econom\u00eda.<\/p>\n<ul>\n<li><a href=\"\/wp-content\/uploads\/2018\/11\/Plan_Docente_Iniciacion_a_las_competencias_TIC.pdf\" target=\"_blank\" rel=\"noopener\">Plan docente<\/a><\/li>\n<li><a href=\"\/wp-content\/uploads\/2018\/11\/Criterios_de_valoracion_CTIC.pdf\" target=\"_blank\" rel=\"noopener\">Criterios de evaluaci\u00f3n de la asignatura: Iniciaci\u00f3n a las competencias TIC<\/a><\/li>\n<\/ul>\n","protected":false},"excerpt":{"rendered":"<p>A continuaci\u00f3n encontrar\u00e9is los documentos relativos al plan docente, los criterios de evaluaci\u00f3n y las especificaciones de la PEC1, PEC2, PEC3 y Pr\u00e1ctica Final de una de las asignaturas de CTIC, concretamente los correspondientes al grado de ADE y al grado de Econom\u00eda. Plan docente Criterios de evaluaci\u00f3n de la asignatura: Iniciaci\u00f3n a las competencias [&hellip;]<\/p>\n","protected":false},"author":1,"featured_media":0,"parent":0,"menu_order":0,"comment_status":"closed","ping_status":"closed","template":"","meta":[],"_links":{"self":[{"href":"http:\/\/avaluacio-ctic.recursos.uoc.edu\/es\/index.php\/wp-json\/wp\/v2\/pages\/332"}],"collection":[{"href":"http:\/\/avaluacio-ctic.recursos.uoc.edu\/es\/index.php\/wp-json\/wp\/v2\/pages"}],"about":[{"href":"http:\/\/avaluacio-ctic.recursos.uoc.edu\/es\/index.php\/wp-json\/wp\/v2\/types\/page"}],"author":[{"embeddable":true,"href":"http:\/\/avaluacio-ctic.recursos.uoc.edu\/es\/index.php\/wp-json\/wp\/v2\/users\/1"}],"replies":[{"embeddable":true,"href":"http:\/\/avaluacio-ctic.recursos.uoc.edu\/es\/index.php\/wp-json\/wp\/v2\/comments?post=332"}],"version-history":[{"count":5,"href":"http:\/\/avaluacio-ctic.recursos.uoc.edu\/es\/index.php\/wp-json\/wp\/v2\/pages\/332\/revisions"}],"predecessor-version":[{"id":557,"href":"http:\/\/avaluacio-ctic.recursos.uoc.edu\/es\/index.php\/wp-json\/wp\/v2\/pages\/332\/revisions\/557"}],"wp:attachment":[{"href":"http:\/\/avaluacio-ctic.recursos.uoc.edu\/es\/index.php\/wp-json\/wp\/v2\/media?parent=332"}],"curies":[{"name":"wp","href":"https:\/\/api.w.org\/{rel}","templated":true}]}}