{"id":325,"date":"2018-11-21T14:50:38","date_gmt":"2018-11-21T12:50:38","guid":{"rendered":"http:\/\/avaluacio-ctic.recursos.uoc.edu\/?page_id=325"},"modified":"2019-01-02T13:45:14","modified_gmt":"2019-01-02T11:45:14","slug":"2-4-el-equipo","status":"publish","type":"page","link":"http:\/\/avaluacio-ctic.recursos.uoc.edu\/es\/index.php\/2-4-el-equipo\/","title":{"rendered":"2.4. El equipo"},"content":{"rendered":"<p>El equipo tambi\u00e9n participa como agente en la evaluaci\u00f3n. A partir de la PEC2, cada equipo hace una valoraci\u00f3n en la<strong> web grupal <\/strong>de su primera experiencia como equipo de trabajo virtual, en la cual se destacan las dificultades con las que se han encontrado, los aspectos que mantendr\u00edan y los que cambiar\u00edan para poder agilizar el trabajo y optimizar el funcionamiento del equipo.<\/p>\n<p>En funci\u00f3n de la valoraci\u00f3n y la reflexi\u00f3n que realiza cada miembro del equipo sobre la actitud c\u00edvica del resto de los miembros del grupo, el grado de cumplimiento de los acuerdos iniciales y, si es necesario, los reajustes que se han de realizar en la planificaci\u00f3n inicial, se elabora un documento que se desarrolla de forma colaborativa en Google Drive:<\/p>\n<figure id=\"attachment_260\" aria-describedby=\"caption-attachment-260\" style=\"width: 800px\" class=\"wp-caption aligncenter\"><a href=\"\/wp-content\/uploads\/2018\/11\/m1165_21.jpg\"><img loading=\"lazy\" class=\"wp-image-260 size-full\" src=\"\/wp-content\/uploads\/2018\/11\/m1165_21.jpg\" alt=\"\" width=\"800\" height=\"675\" srcset=\"\/wp-content\/uploads\/2018\/11\/m1165_21.jpg 800w, \/wp-content\/uploads\/2018\/11\/m1165_21-300x253.jpg 300w, \/wp-content\/uploads\/2018\/11\/m1165_21-768x648.jpg 768w\" sizes=\"(max-width: 800px) 100vw, 800px\" \/><\/a><figcaption id=\"caption-attachment-260\" class=\"wp-caption-text\">Figura 20. Revisi\u00f3n de la planificaci\u00f3n grupal en la PEC3<\/figcaption><\/figure>\n<p>Finalmente, en la presentaci\u00f3n del proyecto al resto del aula, el equipo ha de recoger una valoraci\u00f3n del trabajo en equipo realizado a lo largo de la asignatura. As\u00ed pues, en esta \u00faltima fase, se hace una revisi\u00f3n y valoraci\u00f3n final del funcionamiento del equipo; esto quiere decir que el equipo no se deber\u00e1 referir exclusivamente a la Pr\u00e1ctica Final, sino que debe ampliar el alcance al conjunto del proceso.<\/p>\n<p>El desarrollo de esta actividad se realiza de forma colaborativa en Google Drive, aunque su presentaci\u00f3n ser\u00e1 en el espacio de Debate de la Pr\u00e1ctica Final:<\/p>\n<figure id=\"attachment_261\" aria-describedby=\"caption-attachment-261\" style=\"width: 800px\" class=\"wp-caption aligncenter\"><a href=\"\/wp-content\/uploads\/2018\/11\/m1165_22.jpg\"><img loading=\"lazy\" class=\"wp-image-261 size-full\" src=\"\/wp-content\/uploads\/2018\/11\/m1165_22.jpg\" alt=\"\" width=\"800\" height=\"497\" srcset=\"\/wp-content\/uploads\/2018\/11\/m1165_22.jpg 800w, \/wp-content\/uploads\/2018\/11\/m1165_22-300x186.jpg 300w, \/wp-content\/uploads\/2018\/11\/m1165_22-768x477.jpg 768w\" sizes=\"(max-width: 800px) 100vw, 800px\" \/><\/a><figcaption id=\"caption-attachment-261\" class=\"wp-caption-text\">Figura 21. Desarrollo de la actividad de presentaci\u00f3n del proyecto en el aula<\/figcaption><\/figure>\n<figure id=\"attachment_262\" aria-describedby=\"caption-attachment-262\" style=\"width: 800px\" class=\"wp-caption aligncenter\"><a href=\"\/wp-content\/uploads\/2018\/11\/m1165_23.jpg\"><img loading=\"lazy\" class=\"wp-image-262 size-full\" src=\"\/wp-content\/uploads\/2018\/11\/m1165_23.jpg\" alt=\"\" width=\"800\" height=\"524\" srcset=\"\/wp-content\/uploads\/2018\/11\/m1165_23.jpg 800w, \/wp-content\/uploads\/2018\/11\/m1165_23-300x197.jpg 300w, \/wp-content\/uploads\/2018\/11\/m1165_23-768x503.jpg 768w\" sizes=\"(max-width: 800px) 100vw, 800px\" \/><\/a><figcaption id=\"caption-attachment-262\" class=\"wp-caption-text\">Figura 22. Entrega de la actividad de presentaci\u00f3n del proyecto en el aula<\/figcaption><\/figure>\n","protected":false},"excerpt":{"rendered":"<p>El equipo tambi\u00e9n participa como agente en la evaluaci\u00f3n. A partir de la PEC2, cada equipo hace una valoraci\u00f3n en la web grupal de su primera experiencia como equipo de trabajo virtual, en la cual se destacan las dificultades con las que se han encontrado, los aspectos que mantendr\u00edan y los que cambiar\u00edan para poder [&hellip;]<\/p>\n","protected":false},"author":1,"featured_media":0,"parent":0,"menu_order":0,"comment_status":"closed","ping_status":"closed","template":"","meta":[],"_links":{"self":[{"href":"http:\/\/avaluacio-ctic.recursos.uoc.edu\/es\/index.php\/wp-json\/wp\/v2\/pages\/325"}],"collection":[{"href":"http:\/\/avaluacio-ctic.recursos.uoc.edu\/es\/index.php\/wp-json\/wp\/v2\/pages"}],"about":[{"href":"http:\/\/avaluacio-ctic.recursos.uoc.edu\/es\/index.php\/wp-json\/wp\/v2\/types\/page"}],"author":[{"embeddable":true,"href":"http:\/\/avaluacio-ctic.recursos.uoc.edu\/es\/index.php\/wp-json\/wp\/v2\/users\/1"}],"replies":[{"embeddable":true,"href":"http:\/\/avaluacio-ctic.recursos.uoc.edu\/es\/index.php\/wp-json\/wp\/v2\/comments?post=325"}],"version-history":[{"count":2,"href":"http:\/\/avaluacio-ctic.recursos.uoc.edu\/es\/index.php\/wp-json\/wp\/v2\/pages\/325\/revisions"}],"predecessor-version":[{"id":555,"href":"http:\/\/avaluacio-ctic.recursos.uoc.edu\/es\/index.php\/wp-json\/wp\/v2\/pages\/325\/revisions\/555"}],"wp:attachment":[{"href":"http:\/\/avaluacio-ctic.recursos.uoc.edu\/es\/index.php\/wp-json\/wp\/v2\/media?parent=325"}],"curies":[{"name":"wp","href":"https:\/\/api.w.org\/{rel}","templated":true}]}}