{"id":298,"date":"2018-11-21T13:48:34","date_gmt":"2018-11-21T11:48:34","guid":{"rendered":"http:\/\/avaluacio-ctic.recursos.uoc.edu\/?page_id=298"},"modified":"2019-01-02T13:28:23","modified_gmt":"2019-01-02T11:28:23","slug":"1-5-recursos","status":"publish","type":"page","link":"http:\/\/avaluacio-ctic.recursos.uoc.edu\/es\/index.php\/1-5-recursos\/","title":{"rendered":"1.5. Recursos"},"content":{"rendered":"<p>La asignatura de CTIC pone al alcance de los estudiantes una serie de <strong>recursos de aprendizaje<\/strong> que se van trabajando a lo largo de las diferentes PEC y de la Pr\u00e1ctica Final.<\/p>\n<p>Los recursos pueden variar seg\u00fan el grado en el que se imparte la asignatura, pero existe una serie de recursos b\u00e1sicos que se ofrecen en todos ellos. En la figura 5 pod\u00e9is encontrar un ejemplo de los utilizados en el grado de ADE y en el grado de Econom\u00eda de la UOC.<\/p>\n<figure id=\"attachment_252\" aria-describedby=\"caption-attachment-252\" style=\"width: 800px\" class=\"wp-caption aligncenter\"><a href=\"\/wp-content\/uploads\/2018\/11\/m1165_06.jpg\"><img loading=\"lazy\" class=\"wp-image-252 size-full\" src=\"\/wp-content\/uploads\/2018\/11\/m1165_06.jpg\" alt=\"\" width=\"800\" height=\"647\" srcset=\"\/wp-content\/uploads\/2018\/11\/m1165_06.jpg 800w, \/wp-content\/uploads\/2018\/11\/m1165_06-300x243.jpg 300w, \/wp-content\/uploads\/2018\/11\/m1165_06-768x621.jpg 768w\" sizes=\"(max-width: 800px) 100vw, 800px\" \/><\/a><figcaption id=\"caption-attachment-252\" class=\"wp-caption-text\">Figura 5. Ejemplo de recursos y materiales de aprendizaje usados en CTIC<\/figcaption><\/figure>\n<p>Adem\u00e1s, si fuese necesario, el docente ir\u00e1 proporcionando nuevos recursos complementarios a trav\u00e9s del Tabl\u00f3n del Aula. Todos estos recursos y materiales tienen como objetivo facilitar la adquisici\u00f3n de los objetivos competenciales planteados.<\/p>\n","protected":false},"excerpt":{"rendered":"<p>La asignatura de CTIC pone al alcance de los estudiantes una serie de recursos de aprendizaje que se van trabajando a lo largo de las diferentes PEC y de la Pr\u00e1ctica Final. Los recursos pueden variar seg\u00fan el grado en el que se imparte la asignatura, pero existe una serie de recursos b\u00e1sicos que se [&hellip;]<\/p>\n","protected":false},"author":1,"featured_media":0,"parent":0,"menu_order":0,"comment_status":"closed","ping_status":"closed","template":"","meta":[],"_links":{"self":[{"href":"http:\/\/avaluacio-ctic.recursos.uoc.edu\/es\/index.php\/wp-json\/wp\/v2\/pages\/298"}],"collection":[{"href":"http:\/\/avaluacio-ctic.recursos.uoc.edu\/es\/index.php\/wp-json\/wp\/v2\/pages"}],"about":[{"href":"http:\/\/avaluacio-ctic.recursos.uoc.edu\/es\/index.php\/wp-json\/wp\/v2\/types\/page"}],"author":[{"embeddable":true,"href":"http:\/\/avaluacio-ctic.recursos.uoc.edu\/es\/index.php\/wp-json\/wp\/v2\/users\/1"}],"replies":[{"embeddable":true,"href":"http:\/\/avaluacio-ctic.recursos.uoc.edu\/es\/index.php\/wp-json\/wp\/v2\/comments?post=298"}],"version-history":[{"count":3,"href":"http:\/\/avaluacio-ctic.recursos.uoc.edu\/es\/index.php\/wp-json\/wp\/v2\/pages\/298\/revisions"}],"predecessor-version":[{"id":541,"href":"http:\/\/avaluacio-ctic.recursos.uoc.edu\/es\/index.php\/wp-json\/wp\/v2\/pages\/298\/revisions\/541"}],"wp:attachment":[{"href":"http:\/\/avaluacio-ctic.recursos.uoc.edu\/es\/index.php\/wp-json\/wp\/v2\/media?parent=298"}],"curies":[{"name":"wp","href":"https:\/\/api.w.org\/{rel}","templated":true}]}}