{"id":287,"date":"2018-11-21T13:06:23","date_gmt":"2018-11-21T11:06:23","guid":{"rendered":"http:\/\/avaluacio-ctic.recursos.uoc.edu\/?page_id=287"},"modified":"2019-01-02T13:22:12","modified_gmt":"2019-01-02T11:22:12","slug":"1-2-competencias","status":"publish","type":"page","link":"http:\/\/avaluacio-ctic.recursos.uoc.edu\/es\/index.php\/1-2-competencias\/","title":{"rendered":"1.2. Competencias"},"content":{"rendered":"<p>Con la finalidad de enmarcar la evaluaci\u00f3n, detallaremos las competencias que los estudiantes han de alcanzar a lo largo de la asignatura. Los <strong>objetivos competenciales espec\u00edficos<\/strong> de CTIC son:<\/p>\n<ul>\n<li>B\u00fasqueda y selecci\u00f3n de informaci\u00f3n en la Red.<\/li>\n<li>Tratamiento y elaboraci\u00f3n la informaci\u00f3n digital.<\/li>\n<li>Presentaci\u00f3n y difusi\u00f3n de la informaci\u00f3n digital.<\/li>\n<li>Nociones de tecnolog\u00eda digital.<\/li>\n<li>Planificaci\u00f3n del trabajo en un entorno virtual.<\/li>\n<li>Gesti\u00f3n de un proyecto digital.<\/li>\n<li>Estrategias de comunicaci\u00f3n en red.<\/li>\n<li>Trabajo en equipo en red.<\/li>\n<li>Actitud digital.<\/li>\n<\/ul>\n<figure id=\"attachment_250\" aria-describedby=\"caption-attachment-250\" style=\"width: 500px\" class=\"wp-caption aligncenter\"><a href=\"\/wp-content\/uploads\/2018\/11\/m1165_04.jpg\"><img loading=\"lazy\" class=\"wp-image-250 size-full\" src=\"\/wp-content\/uploads\/2018\/11\/m1165_04.jpg\" alt=\"\" width=\"500\" height=\"530\" srcset=\"\/wp-content\/uploads\/2018\/11\/m1165_04.jpg 500w, \/wp-content\/uploads\/2018\/11\/m1165_04-283x300.jpg 283w\" sizes=\"(max-width: 500px) 100vw, 500px\" \/><\/a><figcaption id=\"caption-attachment-250\" class=\"wp-caption-text\">Figura 3. Objetivos competenciales<\/figcaption><\/figure>\n<p>Estas competencias no solo se orientan al conocimiento y la utilizaci\u00f3n de herramientas tecnol\u00f3gicas, sino a la puesta en pr\u00e1ctica de metodolog\u00edas y habilidades clave para trabajar en un entorno virtual.<\/p>\n","protected":false},"excerpt":{"rendered":"<p>Con la finalidad de enmarcar la evaluaci\u00f3n, detallaremos las competencias que los estudiantes han de alcanzar a lo largo de la asignatura. Los objetivos competenciales espec\u00edficos de CTIC son: B\u00fasqueda y selecci\u00f3n de informaci\u00f3n en la Red. Tratamiento y elaboraci\u00f3n la informaci\u00f3n digital. Presentaci\u00f3n y difusi\u00f3n de la informaci\u00f3n digital. Nociones de tecnolog\u00eda digital. Planificaci\u00f3n [&hellip;]<\/p>\n","protected":false},"author":1,"featured_media":0,"parent":0,"menu_order":0,"comment_status":"closed","ping_status":"closed","template":"","meta":[],"_links":{"self":[{"href":"http:\/\/avaluacio-ctic.recursos.uoc.edu\/es\/index.php\/wp-json\/wp\/v2\/pages\/287"}],"collection":[{"href":"http:\/\/avaluacio-ctic.recursos.uoc.edu\/es\/index.php\/wp-json\/wp\/v2\/pages"}],"about":[{"href":"http:\/\/avaluacio-ctic.recursos.uoc.edu\/es\/index.php\/wp-json\/wp\/v2\/types\/page"}],"author":[{"embeddable":true,"href":"http:\/\/avaluacio-ctic.recursos.uoc.edu\/es\/index.php\/wp-json\/wp\/v2\/users\/1"}],"replies":[{"embeddable":true,"href":"http:\/\/avaluacio-ctic.recursos.uoc.edu\/es\/index.php\/wp-json\/wp\/v2\/comments?post=287"}],"version-history":[{"count":3,"href":"http:\/\/avaluacio-ctic.recursos.uoc.edu\/es\/index.php\/wp-json\/wp\/v2\/pages\/287\/revisions"}],"predecessor-version":[{"id":535,"href":"http:\/\/avaluacio-ctic.recursos.uoc.edu\/es\/index.php\/wp-json\/wp\/v2\/pages\/287\/revisions\/535"}],"wp:attachment":[{"href":"http:\/\/avaluacio-ctic.recursos.uoc.edu\/es\/index.php\/wp-json\/wp\/v2\/media?parent=287"}],"curies":[{"name":"wp","href":"https:\/\/api.w.org\/{rel}","templated":true}]}}